{"id":45,"date":"2022-05-30T10:56:35","date_gmt":"2022-05-30T08:56:35","guid":{"rendered":"https:\/\/wingender.tech\/?page_id=45"},"modified":"2022-05-30T10:56:36","modified_gmt":"2022-05-30T08:56:36","slug":"scheduling","status":"publish","type":"page","link":"https:\/\/wingender.tech\/?page_id=45","title":{"rendered":"Scheduling"},"content":{"rendered":"\n<p>Scheduling bedeuted Terminierung\/Zeitplanung. Geplante Arbeiten kann man nur dann sicher durchf\u00fchren, wenn man sie so terminiert und koordiniert, da\u00df sich die einzelnen Gewerke m\u00f6glichst wenig gegenseitig beeinflussen. Hierbei gibt es verschiedene Techniken, die wir, je nach vorliegendem Bedarf einsetzen.&nbsp;<\/p>\n\n\n\n<p><strong>Wer macht wann was und wo!<\/strong>&nbsp;<br><br>Beim Scheduling werden alle T\u00e4tigkeiten eines Stillstandes\/Projektes oder Teile davon in eine zeitlich sinnvolle Reihenfolge gebracht, die gew\u00e4hrleistet, da\u00df s\u00e4mtliche Aktivit\u00e4ten reibungslos und st\u00f6rungsfrei ablaufen k\u00f6nnen&nbsp;<br><br>Beim Scheduling steht vor allem die Ressourcensituation und die optimale Ressourcenauslastung unter Ber\u00fccksichtigung des Terminrahmens im Vordergrund. Gerade bei Stillst\u00e4nden steht meist nur ein eng begrenztes Zeitfenster zur Verf\u00fcgung, was mit Hilfe eines ausgefeilten Scheduling optimal genutzt werden kann.&nbsp;<br><br>Schwerpunkte hierbei:&nbsp;<\/p>\n\n\n\n<ul class=\"wp-block-list\"><li>Vermeidung von Totzeiten&nbsp;<\/li><li>Gl\u00e4tten des geplanten Stundenabflusses&nbsp;<\/li><li>Nivellierung des Personalbedarfs&nbsp;<\/li><li>Freiraum f\u00fcr Unw\u00e4gbarkeiten&nbsp;<br><\/li><\/ul>\n\n\n\n<p>&#8230;\u00fcber alle Gewerke hinweg.\u00a0<br><br><\/p>\n\n\n<div class=\"wp-block-image\">\n<figure class=\"aligncenter size-full\"><img loading=\"lazy\" decoding=\"async\" width=\"700\" height=\"597\" src=\"https:\/\/wingender.tech\/wp-content\/uploads\/2022\/05\/Scheduling.png\" alt=\"\" class=\"wp-image-46\" srcset=\"https:\/\/wingender.tech\/wp-content\/uploads\/2022\/05\/Scheduling.png 700w, https:\/\/wingender.tech\/wp-content\/uploads\/2022\/05\/Scheduling-300x256.png 300w\" sizes=\"auto, (max-width: 700px) 100vw, 700px\" \/><figcaption>Beispiel der Auslastungsanzeige in Merlin<\/figcaption><\/figure>\n<\/div>","protected":false},"excerpt":{"rendered":"<p>Scheduling bedeuted Terminierung\/Zeitplanung. Geplante Arbeiten kann man nur dann sicher durchf\u00fchren, wenn man sie so terminiert und koordiniert, da\u00df sich die einzelnen Gewerke m\u00f6glichst wenig gegenseitig beeinflussen. Hierbei gibt es [&hellip;]<\/p>\n","protected":false},"author":1,"featured_media":0,"parent":0,"menu_order":0,"comment_status":"closed","ping_status":"closed","template":"","meta":{"footnotes":""},"class_list":["post-45","page","type-page","status-publish","czr-hentry"],"_links":{"self":[{"href":"https:\/\/wingender.tech\/index.php?rest_route=\/wp\/v2\/pages\/45","targetHints":{"allow":["GET"]}}],"collection":[{"href":"https:\/\/wingender.tech\/index.php?rest_route=\/wp\/v2\/pages"}],"about":[{"href":"https:\/\/wingender.tech\/index.php?rest_route=\/wp\/v2\/types\/page"}],"author":[{"embeddable":true,"href":"https:\/\/wingender.tech\/index.php?rest_route=\/wp\/v2\/users\/1"}],"replies":[{"embeddable":true,"href":"https:\/\/wingender.tech\/index.php?rest_route=%2Fwp%2Fv2%2Fcomments&post=45"}],"version-history":[{"count":1,"href":"https:\/\/wingender.tech\/index.php?rest_route=\/wp\/v2\/pages\/45\/revisions"}],"predecessor-version":[{"id":47,"href":"https:\/\/wingender.tech\/index.php?rest_route=\/wp\/v2\/pages\/45\/revisions\/47"}],"wp:attachment":[{"href":"https:\/\/wingender.tech\/index.php?rest_route=%2Fwp%2Fv2%2Fmedia&parent=45"}],"curies":[{"name":"wp","href":"https:\/\/api.w.org\/{rel}","templated":true}]}}