{"id":41,"date":"2022-05-30T10:54:39","date_gmt":"2022-05-30T08:54:39","guid":{"rendered":"https:\/\/wingender.tech\/?page_id=41"},"modified":"2022-05-30T10:55:03","modified_gmt":"2022-05-30T08:55:03","slug":"planung","status":"publish","type":"page","link":"https:\/\/wingender.tech\/?page_id=41","title":{"rendered":"Planung"},"content":{"rendered":"\n<p>Wir liefern Ihnen bei Stillst\u00e4nden, Turnaround oder Shutdown nach Ihren W\u00fcnschen: Masterpl\u00e4ne, Abfahrpl\u00e4ne, Anfahrpl\u00e4ne, Detailpl\u00e4ne, Netzpl\u00e4ne, u.v.m&nbsp;<\/p>\n\n\n\n<p><strong>Hier steht \u00fcberwiegend die Termingestaltung im Vordergrund!\u00a0<\/strong><br><br>Wir erstellen Ihnen Ihre gew\u00fcnschten Pl\u00e4ne und verschmelzen sie, wo erforderlich, miteinander. Hiermit bietet sich ein ganzes Portfolio an M\u00f6glichkeiten der Darstellung.\u00a0<br><br>Hierbei arbeiten wir mit dem bekannten MS-Project, bei dem wir uns zus\u00e4tzliche ben\u00f6tigte &#8222;Sonderfunktionen&#8220; jederzeit und z\u00fcgig &#8222;dazuprogrammieren&#8220; k\u00f6nnen, mit A-Plan oder Merlin 2, weniger bekannten, aber ebenfalls hervorragendem Planungstools.<br>In selteneren F\u00e4llen ist auch OPP gew\u00fcnscht. Wir verf\u00fcgen \u00fcber gute Erfahrungen mit OPP und sind in der Lage, auf Wunsch auch mit diesem hervorragendem Tool zu arbeiten.\u00a0<br><br><\/p>\n\n\n<div class=\"wp-block-image\">\n<figure class=\"aligncenter size-full\"><img loading=\"lazy\" decoding=\"async\" width=\"700\" height=\"645\" src=\"https:\/\/wingender.tech\/wp-content\/uploads\/2022\/05\/Planung.png\" alt=\"\" class=\"wp-image-42\" srcset=\"https:\/\/wingender.tech\/wp-content\/uploads\/2022\/05\/Planung.png 700w, https:\/\/wingender.tech\/wp-content\/uploads\/2022\/05\/Planung-300x276.png 300w, https:\/\/wingender.tech\/wp-content\/uploads\/2022\/05\/Planung-270x250.png 270w\" sizes=\"auto, (max-width: 700px) 100vw, 700px\" \/><figcaption>Ein Bild der Arbeitsabl\u00e4ufe, wie sie f\u00fcr jedes Equipment erstellt werden k\u00f6nnen<\/figcaption><\/figure>\n<\/div>","protected":false},"excerpt":{"rendered":"<p>Wir liefern Ihnen bei Stillst\u00e4nden, Turnaround oder Shutdown nach Ihren W\u00fcnschen: Masterpl\u00e4ne, Abfahrpl\u00e4ne, Anfahrpl\u00e4ne, Detailpl\u00e4ne, Netzpl\u00e4ne, u.v.m&nbsp; Hier steht \u00fcberwiegend die Termingestaltung im Vordergrund!\u00a0 Wir erstellen Ihnen Ihre gew\u00fcnschten Pl\u00e4ne [&hellip;]<\/p>\n","protected":false},"author":1,"featured_media":0,"parent":0,"menu_order":0,"comment_status":"closed","ping_status":"closed","template":"","meta":{"footnotes":""},"class_list":["post-41","page","type-page","status-publish","czr-hentry"],"_links":{"self":[{"href":"https:\/\/wingender.tech\/index.php?rest_route=\/wp\/v2\/pages\/41","targetHints":{"allow":["GET"]}}],"collection":[{"href":"https:\/\/wingender.tech\/index.php?rest_route=\/wp\/v2\/pages"}],"about":[{"href":"https:\/\/wingender.tech\/index.php?rest_route=\/wp\/v2\/types\/page"}],"author":[{"embeddable":true,"href":"https:\/\/wingender.tech\/index.php?rest_route=\/wp\/v2\/users\/1"}],"replies":[{"embeddable":true,"href":"https:\/\/wingender.tech\/index.php?rest_route=%2Fwp%2Fv2%2Fcomments&post=41"}],"version-history":[{"count":2,"href":"https:\/\/wingender.tech\/index.php?rest_route=\/wp\/v2\/pages\/41\/revisions"}],"predecessor-version":[{"id":44,"href":"https:\/\/wingender.tech\/index.php?rest_route=\/wp\/v2\/pages\/41\/revisions\/44"}],"wp:attachment":[{"href":"https:\/\/wingender.tech\/index.php?rest_route=%2Fwp%2Fv2%2Fmedia&parent=41"}],"curies":[{"name":"wp","href":"https:\/\/api.w.org\/{rel}","templated":true}]}}