{"id":4,"date":"2022-05-30T06:37:02","date_gmt":"2022-05-30T06:37:02","guid":{"rendered":"https:\/\/wingender.tech\/?page_id=4"},"modified":"2022-06-01T09:09:07","modified_gmt":"2022-06-01T07:09:07","slug":"willkommen-auf-https-wingender-tech","status":"publish","type":"page","link":"https:\/\/wingender.tech\/","title":{"rendered":"Willkommen bei der Wingender Planungsgesellschaft mbH"},"content":{"rendered":"\n<p>Wingender Planungsgesellschaft mbH ist ein Dienstleistungsunternehmen, das sich vorwiegend mit Planungsdienstleistungen im weitesten Sinne rund um Instandhaltung, Turnarounds und Projekten in der erd\u00f6lverarbeitenden und petrochemischen Industrie besch\u00e4ftigt. Prim\u00e4r sehen wir unsere Aufgabe darin, unsere Kunden in Bereichen diskret zu unterst\u00fctzen, in denen sie kein eigenes Personal vorhalten k\u00f6nnen oder wollen.<\/p>\n\n\n\n<div style=\"height:62px\" aria-hidden=\"true\" class=\"wp-block-spacer\"><\/div>\n\n\n<div class=\"wp-block-image\">\n<figure class=\"aligncenter size-full is-resized\"><img loading=\"lazy\" decoding=\"async\" src=\"https:\/\/wingender.tech\/wp-content\/uploads\/2022\/05\/Logo1a.jpg\" alt=\"\" class=\"wp-image-35\" width=\"128\" height=\"128\" srcset=\"https:\/\/wingender.tech\/wp-content\/uploads\/2022\/05\/Logo1a.jpg 512w, https:\/\/wingender.tech\/wp-content\/uploads\/2022\/05\/Logo1a-300x300.jpg 300w, https:\/\/wingender.tech\/wp-content\/uploads\/2022\/05\/Logo1a-150x150.jpg 150w, https:\/\/wingender.tech\/wp-content\/uploads\/2022\/05\/Logo1a-510x510.jpg 510w\" sizes=\"auto, (max-width: 128px) 100vw, 128px\" \/><\/figure>\n<\/div>","protected":false},"excerpt":{"rendered":"<p>Wingender Planungsgesellschaft mbH ist ein Dienstleistungsunternehmen, das sich vorwiegend mit Planungsdienstleistungen im weitesten Sinne rund um Instandhaltung, Turnarounds und Projekten in der erd\u00f6lverarbeitenden und petrochemischen Industrie besch\u00e4ftigt. Prim\u00e4r sehen wir [&hellip;]<\/p>\n","protected":false},"author":1,"featured_media":0,"parent":0,"menu_order":0,"comment_status":"closed","ping_status":"open","template":"","meta":{"footnotes":""},"class_list":["post-4","page","type-page","status-publish","czr-hentry"],"_links":{"self":[{"href":"https:\/\/wingender.tech\/index.php?rest_route=\/wp\/v2\/pages\/4","targetHints":{"allow":["GET"]}}],"collection":[{"href":"https:\/\/wingender.tech\/index.php?rest_route=\/wp\/v2\/pages"}],"about":[{"href":"https:\/\/wingender.tech\/index.php?rest_route=\/wp\/v2\/types\/page"}],"author":[{"embeddable":true,"href":"https:\/\/wingender.tech\/index.php?rest_route=\/wp\/v2\/users\/1"}],"replies":[{"embeddable":true,"href":"https:\/\/wingender.tech\/index.php?rest_route=%2Fwp%2Fv2%2Fcomments&post=4"}],"version-history":[{"count":4,"href":"https:\/\/wingender.tech\/index.php?rest_route=\/wp\/v2\/pages\/4\/revisions"}],"predecessor-version":[{"id":98,"href":"https:\/\/wingender.tech\/index.php?rest_route=\/wp\/v2\/pages\/4\/revisions\/98"}],"wp:attachment":[{"href":"https:\/\/wingender.tech\/index.php?rest_route=%2Fwp%2Fv2%2Fmedia&parent=4"}],"curies":[{"name":"wp","href":"https:\/\/api.w.org\/{rel}","templated":true}]}}